{"id":29,"date":"2021-03-24T15:48:38","date_gmt":"2021-03-24T14:48:38","guid":{"rendered":"https:\/\/www.fussbodentechnikfelkel.de\/?page_id=29"},"modified":"2024-08-27T18:24:28","modified_gmt":"2024-08-27T16:24:28","slug":"team","status":"publish","type":"page","link":"https:\/\/www.fussbodentechnikfelkel.de\/?page_id=29","title":{"rendered":"Das Team"},"content":{"rendered":"<p><strong>Das Team ist alles.<br \/>\n<\/strong>Perfekt aufeinander abgestimmte Kompetenzen jedes einzelnen Mitarbeiters sowie h\u00f6chste Zuverl\u00e4ssigkeit sind unsere Grundlage f\u00fcr Ihre Zufriedenheit.<\/p>\n<p><strong>Christian Felkel (Inhaber)<\/strong><\/p>\n<ul>\n<li>Beratung, Planung, Verkauf, Ausf\u00fchrung<\/li>\n<li>Gelernter Bau- und M\u00f6belschreiner<\/li>\n<li>Parkettleger und Treppenbauer<\/li>\n<\/ul>\n<p><strong>Rahman Mahmoodi (Facharbeiter)<\/strong><\/p>\n<ul>\n<li>Ausf\u00fchrung<\/li>\n<li>Gelernter Parkettleger (Ausbildung bei FTF)<\/li>\n<\/ul>\n<p><strong>Torsten Gr\u00e4be\u00a0(Facharbeiter)<\/strong><\/p>\n<ul>\n<li>Gelernter Parkettleger \/ Raumausstatter<\/li>\n<\/ul>\n<p><strong>Rico Schwager\u00a0(Facharbeiter)<\/strong><\/p>\n<ul>\n<li>Gelernter Parkettleger (Ausbildung bei FTF)<\/li>\n<\/ul>\n<p><strong>Cornelia Meyer<\/strong><\/p>\n<ul>\n<li>B\u00fcroorganisation, Buchhaltung<\/li>\n<li>Teamassistenz<\/li>\n<\/ul>\n<p>&nbsp;<\/p>\n<p><strong><img loading=\"lazy\" decoding=\"async\" class=\"wp-image-641 alignnone\" src=\"https:\/\/www.fussbodentechnikfelkel.de\/wp-content\/uploads\/2021\/09\/b1a94f44-b0da-44e7-aa2e-1f6740cbf315-300x300.jpg\" alt=\"\" width=\"185\" height=\"185\" srcset=\"https:\/\/www.fussbodentechnikfelkel.de\/wp-content\/uploads\/2021\/09\/b1a94f44-b0da-44e7-aa2e-1f6740cbf315-300x300.jpg 300w, https:\/\/www.fussbodentechnikfelkel.de\/wp-content\/uploads\/2021\/09\/b1a94f44-b0da-44e7-aa2e-1f6740cbf315.jpg 1024w, https:\/\/www.fussbodentechnikfelkel.de\/wp-content\/uploads\/2021\/09\/b1a94f44-b0da-44e7-aa2e-1f6740cbf315-150x150.jpg 150w, https:\/\/www.fussbodentechnikfelkel.de\/wp-content\/uploads\/2021\/09\/b1a94f44-b0da-44e7-aa2e-1f6740cbf315-768x768.jpg 768w\" sizes=\"auto, (max-width: 185px) 100vw, 185px\" \/>\u00a0<\/strong><img loading=\"lazy\" decoding=\"async\" class=\"alignnone wp-image-487\" src=\"https:\/\/www.fussbodentechnikfelkel.de\/wp-content\/uploads\/2021\/05\/IMG_34922-300x185.jpg\" alt=\"\" width=\"300\" height=\"185\" srcset=\"https:\/\/www.fussbodentechnikfelkel.de\/wp-content\/uploads\/2021\/05\/IMG_34922-300x185.jpg 300w, https:\/\/www.fussbodentechnikfelkel.de\/wp-content\/uploads\/2021\/05\/IMG_34922-1024x632.jpg 1024w, https:\/\/www.fussbodentechnikfelkel.de\/wp-content\/uploads\/2021\/05\/IMG_34922-768x474.jpg 768w, https:\/\/www.fussbodentechnikfelkel.de\/wp-content\/uploads\/2021\/05\/IMG_34922-1536x948.jpg 1536w, https:\/\/www.fussbodentechnikfelkel.de\/wp-content\/uploads\/2021\/05\/IMG_34922.jpg 2000w\" sizes=\"auto, (max-width: 300px) 100vw, 300px\" \/> <img loading=\"lazy\" decoding=\"async\" class=\"alignnone wp-image-462\" src=\"https:\/\/www.fussbodentechnikfelkel.de\/wp-content\/uploads\/2021\/05\/IMG_31522-300x207.jpg\" alt=\"\" width=\"268\" height=\"185\" srcset=\"https:\/\/www.fussbodentechnikfelkel.de\/wp-content\/uploads\/2021\/05\/IMG_31522-300x207.jpg 300w, https:\/\/www.fussbodentechnikfelkel.de\/wp-content\/uploads\/2021\/05\/IMG_31522-1024x707.jpg 1024w, https:\/\/www.fussbodentechnikfelkel.de\/wp-content\/uploads\/2021\/05\/IMG_31522-768x530.jpg 768w, https:\/\/www.fussbodentechnikfelkel.de\/wp-content\/uploads\/2021\/05\/IMG_31522-1536x1060.jpg 1536w, https:\/\/www.fussbodentechnikfelkel.de\/wp-content\/uploads\/2021\/05\/IMG_31522.jpg 2000w\" sizes=\"auto, (max-width: 268px) 100vw, 268px\" \/><\/p>\n","protected":false},"excerpt":{"rendered":"<p>Das Team ist alles. Perfekt aufeinander abgestimmte Kompetenzen jedes einzelnen Mitarbeiters sowie h\u00f6chste Zuverl\u00e4ssigkeit sind unsere Grundlage f\u00fcr Ihre Zufriedenheit. Christian Felkel (Inhaber) Beratung, Planung, Verkauf, Ausf\u00fchrung Gelernter Bau- und &#8230;<\/p>\n","protected":false},"author":1,"featured_media":0,"parent":0,"menu_order":0,"comment_status":"closed","ping_status":"closed","template":"","meta":{"footnotes":""},"class_list":["post-29","page","type-page","status-publish","hentry"],"_links":{"self":[{"href":"https:\/\/www.fussbodentechnikfelkel.de\/index.php?rest_route=\/wp\/v2\/pages\/29","targetHints":{"allow":["GET"]}}],"collection":[{"href":"https:\/\/www.fussbodentechnikfelkel.de\/index.php?rest_route=\/wp\/v2\/pages"}],"about":[{"href":"https:\/\/www.fussbodentechnikfelkel.de\/index.php?rest_route=\/wp\/v2\/types\/page"}],"author":[{"embeddable":true,"href":"https:\/\/www.fussbodentechnikfelkel.de\/index.php?rest_route=\/wp\/v2\/users\/1"}],"replies":[{"embeddable":true,"href":"https:\/\/www.fussbodentechnikfelkel.de\/index.php?rest_route=%2Fwp%2Fv2%2Fcomments&post=29"}],"version-history":[{"count":0,"href":"https:\/\/www.fussbodentechnikfelkel.de\/index.php?rest_route=\/wp\/v2\/pages\/29\/revisions"}],"wp:attachment":[{"href":"https:\/\/www.fussbodentechnikfelkel.de\/index.php?rest_route=%2Fwp%2Fv2%2Fmedia&parent=29"}],"curies":[{"name":"wp","href":"https:\/\/api.w.org\/{rel}","templated":true}]}}