{"id":2,"date":"2021-03-24T12:13:31","date_gmt":"2021-03-24T11:13:31","guid":{"rendered":"https:\/\/www.fussbodentechnikfelkel.de\/?page_id=2"},"modified":"2021-03-24T15:46:35","modified_gmt":"2021-03-24T14:46:35","slug":"home","status":"publish","type":"page","link":"https:\/\/www.fussbodentechnikfelkel.de\/","title":{"rendered":"Home"},"content":{"rendered":"\r\n<p>Sehr geehrte Damen und Herren,<br \/><br \/>diese Internetseite befindet sich derzeit im Umbau. Sie erreichen uns aber weiterhin unter den gewohnten Kontaktdaten:<br \/><br \/>Fu\u00dfbodentechnik Felkel<br \/>Christian Felkel<br \/>Sportplatzstra\u00dfe 54<br \/>85716 Unterschlei\u00dfheim<br \/><br \/>info@fussbodentechnikfelkel.de<br \/>Mobil 0173-5654297<\/p>\r\n","protected":false},"excerpt":{"rendered":"<p>Sehr geehrte Damen und Herren, diese Internetseite befindet sich derzeit im Umbau. Sie erreichen uns aber weiterhin unter den gewohnten Kontaktdaten: Fu\u00dfbodentechnik FelkelChristian FelkelSportplatzstra\u00dfe 5485716 Unterschlei\u00dfheim info@fussbodentechnikfelkel.deMobil 0173-5654297<\/p>\n","protected":false},"author":1,"featured_media":0,"parent":0,"menu_order":0,"comment_status":"closed","ping_status":"closed","template":"template-frontpage.php","meta":{"footnotes":""},"class_list":["post-2","page","type-page","status-publish","hentry"],"_links":{"self":[{"href":"https:\/\/www.fussbodentechnikfelkel.de\/index.php?rest_route=\/wp\/v2\/pages\/2","targetHints":{"allow":["GET"]}}],"collection":[{"href":"https:\/\/www.fussbodentechnikfelkel.de\/index.php?rest_route=\/wp\/v2\/pages"}],"about":[{"href":"https:\/\/www.fussbodentechnikfelkel.de\/index.php?rest_route=\/wp\/v2\/types\/page"}],"author":[{"embeddable":true,"href":"https:\/\/www.fussbodentechnikfelkel.de\/index.php?rest_route=\/wp\/v2\/users\/1"}],"replies":[{"embeddable":true,"href":"https:\/\/www.fussbodentechnikfelkel.de\/index.php?rest_route=%2Fwp%2Fv2%2Fcomments&post=2"}],"version-history":[{"count":0,"href":"https:\/\/www.fussbodentechnikfelkel.de\/index.php?rest_route=\/wp\/v2\/pages\/2\/revisions"}],"wp:attachment":[{"href":"https:\/\/www.fussbodentechnikfelkel.de\/index.php?rest_route=%2Fwp%2Fv2%2Fmedia&parent=2"}],"curies":[{"name":"wp","href":"https:\/\/api.w.org\/{rel}","templated":true}]}}